{"id":5,"date":"2016-11-27T05:11:35","date_gmt":"2016-11-27T05:11:35","guid":{"rendered":"http:\/\/redehipersolidaria.com.br\/trocosolidario\/?page_id=5"},"modified":"2021-08-25T11:17:04","modified_gmt":"2021-08-25T14:17:04","slug":"home","status":"publish","type":"page","link":"https:\/\/redehipersolidaria.com.br\/trocosolidario\/","title":{"rendered":"Home"},"content":{"rendered":"<p>        <!--default-->\n        <div class=\"defatult_section \" style=\"background: -moz-linear-gradient(0deg, 0%, 100%) !important;background: -webkit-linear-gradient(0deg, 0%, 100%) !important;background: -ms-linear-gradient(0deg, 0%, 100%) !important;\">\n            <div class=\"container-fluid\">\n                <div class=\"fw-row\">\n\t<div class=\"fw-col-xs-12 col-sm-12 \" style=\" text-align: left!important; padding-left:0px; padding-right:0px;  \">\n\t<header id=\"home\" class=\"header-home horizontal\" style=\"\">\n    <div class=\"container\">\n        <div class=\"row\">\n            <div class=\"col-sm-7 col-header-txt lr-padding\">\n                <h1 class=\"animate display-none\" style=\"font-weight: 200; \">troco<br \/>solid\u00e1rio<span>.<\/span><\/h1>\n                <p class=\"animate delay-a display-none\" style=\"\">Doe seu troco para a\nAssocia\u00e7\u00e3o Paranaense de\nApoio \u00e0 Crian\u00e7a com C\u00e2ncer.\nFazer a diferen\u00e7a custa pouco.<\/p>\n                            <\/div>\n            <div class=\"col-sm-5 col-md-offset-2 col-md-3 col-header-img right-padding\">\n                                        <img decoding=\"async\" src=\"https:\/\/redehipersolidaria.com.br\/trocosolidario\/wp-content\/uploads\/2020\/10\/Cofre-pg-troco-solidario-hiperfarma-verso.png\" alt=\"header-img\" class=\"img-header-lg delay-c animate display-none\">\n                                                <img decoding=\"async\" src=\"https:\/\/redehipersolidaria.com.br\/trocosolidario\/wp-content\/uploads\/2020\/10\/Cofre-troco-solidario-hiperfarma-frente.png\" alt=\"header-img\" class=\"img-header-sm delay-a animate display-none\">\n                                    <\/div>\n        <\/div>\n    <\/div>\n<\/header><\/div>\n<\/div>\n\n            <\/div>\n        <\/div>\n            <!--overview-->\n        <section id=\"instituicoes-beneficiadas\" class=\"sec-overview bg-white overview-area \" style=\"background: -moz-linear-gradient(0deg, 0%,#8e54e9 100%) !important;background: -webkit-linear-gradient(0deg, 0%,#8e54e9 100%) !important;background: -ms-linear-gradient(0deg, 0%,#8e54e9 100%) !important;\">\n            <div class=\"bg-img\" style=\"background-repeat: no-repeat;\"><\/div>\n            <div class=\"container\">\n                <div class=\"fw-row\">\n\t<div class=\"fw-col-xs-12\" style=\" text-align: center!important;  \">\n\t<!--style default-->\n<h2 class=\"sec-title ex\" style=\"text-align: center!important; \">\n    Institui\u00e7\u00f5es Beneficiadas<\/h2>\n<div class=\"hr\" style=\"background-image:url(https:\/\/redehipersolidaria.com.br\/trocosolidario\/wp-content\/uploads\/2020\/10\/barra-titulo-laranja-horzontal-pg-troco-solidario-hiperfarma.png);\"><\/div>\n\n    \n    <p class=\"subheader\" style=\"\">\n        Confira as institui\u00e7\u00f5es que o seu troco pode ajudar.    <\/p>\n\n\n\n\n<\/div>\n<\/div>\n\n<div class=\"fw-row\">\n\t<div class=\"fw-col-xs-12\" style=\" text-align: center!important;  \">\n\t<p><a href=\"http:\/\/apacn.com.br\/\" target=\"_blank\" rel=\"noopener\"><img loading=\"lazy\" decoding=\"async\" class=\"logo-instituicao aligncenter wp-image-434 size-full\" title=\"APACN\" src=\"https:\/\/redehipersolidaria.com.br\/trocosolidario\/wp-content\/uploads\/2020\/10\/logo-apacn-2.png\" alt=\"logo apacn 2\" width=\"185\" height=\"100\" \/><\/a><\/p><p style=\"text-align: center;\"><span style=\"color: #93bde6; font-family: arial, helvetica, sans-serif; font-size: 12pt;\"><strong>_____<\/strong><\/span><\/p><\/div>\n<\/div>\n\n            <\/div> \n        <\/section>\n                <!--video-->\n        <section id=\"video\" class=\"sec-video bg-gradient-horizontal bg-img horizontal\" style=\"background: -moz-linear-gradient(0deg, 0%,#8e54e9 100%) !important;background: -webkit-linear-gradient(0deg, 0%,#8e54e9 100%) !important;background: -ms-linear-gradient(0deg, 0%,#8e54e9 100%) !important;\">\n            <div class=\"bg-img\" style=\"background-repeat: no-repeat;\"><\/div>\n            <div class=\"container-fluid\">\n                <div class=\"fw-row\">\n\t<div class=\"fw-col-xs-12 col-sm-12 \" style=\" text-align: center!important;  \">\n\t\n<div class=\"bg-img\" style=\"\"><\/div>\n<div class=\"wrapper-video\" style=\"margin-top: 30px !important;\">\n            <a class=\"youtube-popup\" href=\"https:\/\/www.youtube.com\/watch?v=HOo9y-NBU4o\">\n            <i class=\"fa fa-play\" style=\"\" aria-hidden=\"true\"><\/i>\n        <\/a>\n            <h3 style=\"\">Campanha Troco Solid\u00e1rio<\/h3>\n        <h6 style=\"\">Clique e assista ao v\u00eddeo sobre a nossa campanha do Troco Solid\u00e1rio.<\/h6>\n<\/div><\/div>\n<\/div>\n\n            <\/div> \n        <\/section>\n                <!--features-->\n        <section id=\"apoie\" class=\"sec-features bg-grey feature-area \" style=\"background: -moz-linear-gradient(0deg, 0%,#8e54e9 100%) !important;background: -webkit-linear-gradient(0deg, 0%,#8e54e9 100%) !important;background: -ms-linear-gradient(0deg, 0%,#8e54e9 100%) !important;\">\n            <div class=\"bg-img\" style=\"background-repeat: no-repeat;\"><\/div>\n            <div class=\"container\">\n                <div class=\"fw-row\">\n\t<div class=\"fw-col-xs-12\" style=\" text-align: center!important;  \">\n\t<!--style default-->\n<h2 class=\"sec-title ex\" style=\"color: #303030; text-align: center!important; \">\n    Apoie a campanha<\/h2>\n<div class=\"hr\" style=\"background-image:url(https:\/\/redehipersolidaria.com.br\/trocosolidario\/wp-content\/uploads\/2020\/10\/barra-titulo-laranja-horzontal-pg-troco-solidario-hiperfarma.png);\"><\/div>\n\n    \n    <p class=\"subheader\" style=\"color: #606060; \">\n        Venha conosco e apoie o Troco Solid\u00e1rio.    <\/p>\n\n\n\n\n<div class=\"row\">\n    <div class=\"col-sm-10 col-sm-offset-1 col-md-12 container-acting\">\n        <div class=\"row\">\n                            <div class=\"col-sm-6 col-md-4 col-lg-3 feat-top-left animate delay-a\" style=\"text-align: center;\">\n                                         <span style=\"\" class=\"ficons fa fa-heart\"><\/span>\n\n                    \n                    <h5 style=\"font-weight: 400;\">Ajude<\/h5>\n                    <p style=\"\">Aderindo ao Troco Solid\u00e1rio, voc\u00ea estar\u00e1 ajudando a APACN, institui\u00e7\u00e3o que acolhe crian\u00e7as com c\u00e2ncer.<\/p>\n                <\/div>\n                                <div class=\"col-sm-6 col-md-4 col-lg-3 feat-top-right animate delay-a\" style=\"text-align: center;\">\n                                         <span style=\"\" class=\"ficons ion-arrow-graph-up-right\"><\/span>\n\n                    \n                    <h5 style=\"font-weight: 400;\">Multiplique<\/h5>\n                    <p style=\"\">O pouco se torna muito se todos doarem uma moedinha.<\/p>\n                <\/div>\n                                <div class=\"col-sm-6 col-md-4 col-lg-3 feat-bottom-left animate delay-a\" style=\"text-align: center;\">\n                                         <span style=\"\" class=\"ficons ion-ios-cart\"><\/span>\n\n                    \n                    <h5 style=\"font-weight: 400;\">Apoie<\/h5>\n                    <p style=\"\">Visite nossas lojas. Todas as lojas da Rede Hiperfarma possuem o Troco Solid\u00e1rio.<\/p>\n                <\/div>\n                                <div class=\"col-sm-6 col-md-4 col-lg-3 feat-bottom-right animate delay-a\" style=\"text-align: center;\">\n                                         <span style=\"\" class=\"ficons fa fa-users\"><\/span>\n\n                    \n                    <h5 style=\"font-weight: 400;\">Propague<\/h5>\n                    <p style=\"\">Divulgue a campanha para todos os amigos e familiares.<\/p>\n                <\/div>\n                        <\/div>\n                    <img decoding=\"async\" class='img-responsive' src=\"\/\/redehipersolidaria.com.br\/trocosolidario\/wp-content\/uploads\/2020\/10\/pg-troco-solidario-topicos-4.png\" alt=''>\n            <\/div>\n<\/div><\/div>\n<\/div>\n\n            <\/div> \n        <\/section>\n                <!--screen-short-->\n        <section id=\"galeria\" class=\"sec-screenshots bg-white \" style=\"background: -moz-linear-gradient(0deg, 0%,#8e54e9 100%) !important;background: -webkit-linear-gradient(0deg, 0%,#8e54e9 100%) !important;background: -ms-linear-gradient(0deg, 0%,#8e54e9 100%) !important;\">\n            <div class=\"bg-img\" style=\"background-repeat: no-repeat;\"><\/div>\n            <div class=\"container\">\n                <div class=\"fw-row\">\n\t<div class=\"fw-col-xs-12 col-sm-12 \" style=\" text-align: center!important;  \">\n\t\n\t<div class=\"fw-divider-space\" style=\"padding-top: 200px;\"><\/div>\n<p style=\"text-align: center;\"><img loading=\"lazy\" decoding=\"async\" class=\"aligncenter wp-image-651\" src=\"https:\/\/redehipersolidaria.com.br\/trocosolidario\/wp-content\/uploads\/2020\/10\/logo-hiper1.png\" alt=\"\" width=\"130\" height=\"32\" \/><\/p>\n\t<div class=\"fw-divider-space\" style=\"padding-top: 30px;\"><\/div>\n<ul class=\"topheader-info-right\"><li><a href=\"https:\/\/www.facebook.com\/redehiperfarma\" target=\" _blank\" rel=\"nofollow noopener noreferrer\" class=\"customize-unpreviewable\"><i class=\"fa fa-facebook fa-2x\"><\/i><\/a><\/li><li><a href=\"https:\/\/www.instagram.com\/redehiperfarma\/?hl=pt-br\" target=\" _blank\" rel=\"noopener noreferrer\" class=\"customize-unpreviewable\"><i class=\"fa fa-instagram fa-2x\"><\/i><\/a><\/li><li><a href=\"https:\/\/www.linkedin.com\/company\/redehiperfarma\" target=\" _blank\" rel=\"noopener noreferrer\" class=\"customize-unpreviewable\"><i class=\"fa fa-linkedin fa-2x\"><\/i><\/a><\/li><li><a href=\"https:\/\/www.youtube.com\/channel\/UCGjgMBTMGWWd_qd4tPMreAQ\" target=\" _blank\" rel=\"noopener noreferrer\" class=\"customize-unpreviewable\"><i class=\"fa fa-youtube fa-2x\"><\/i><\/a><\/li><\/ul><\/div>\n<\/div>\n\n            <\/div> \n        <\/section>\n        <\/p>\n","protected":false},"excerpt":{"rendered":"<p>trocosolid\u00e1rio. Doe seu troco para a Associa\u00e7\u00e3o Paranaense de Apoio \u00e0 Crian\u00e7a com C\u00e2ncer. Fazer a diferen\u00e7a custa pouco. Institui\u00e7\u00f5es Beneficiadas Confira as institui\u00e7\u00f5es que o seu troco pode ajudar. _____ Campanha Troco Solid\u00e1rio Clique e assista ao v\u00eddeo sobre a nossa campanha do Troco Solid\u00e1rio. Apoie a campanha Venha conosco e apoie o Troco &hellip; <a href=\"https:\/\/redehipersolidaria.com.br\/trocosolidario\/\" class=\"more-link\">Continue reading<span class=\"screen-reader-text\"> &#8220;Home&#8221;<\/span><\/a><\/p>\n","protected":false},"author":1,"featured_media":0,"parent":0,"menu_order":0,"comment_status":"closed","ping_status":"closed","template":"","meta":{"footnotes":""},"class_list":["post-5","page","type-page","status-publish","hentry"],"yoast_head":"<!-- This site is optimized with the Yoast SEO plugin v27.4 - https:\/\/yoast.com\/product\/yoast-seo-wordpress\/ -->\n<title>Troco Solid\u00e1rio - Rede Hiperfarma<\/title>\n<meta name=\"description\" content=\"Camapnha Troco Solid\u00e1rio da Rede Hiperfarma.\" \/>\n<meta name=\"robots\" content=\"index, follow, max-snippet:-1, max-image-preview:large, max-video-preview:-1\" \/>\n<link rel=\"canonical\" href=\"https:\/\/redehipersolidaria.com.br\/trocosolidario\/\" \/>\n<meta property=\"og:locale\" content=\"pt_BR\" \/>\n<meta property=\"og:type\" content=\"article\" \/>\n<meta property=\"og:title\" content=\"Troco Solid\u00e1rio - Rede Hiperfarma\" \/>\n<meta property=\"og:description\" content=\"Camapnha Troco Solid\u00e1rio da Rede Hiperfarma.\" \/>\n<meta property=\"og:url\" content=\"https:\/\/redehipersolidaria.com.br\/trocosolidario\/\" \/>\n<meta property=\"og:site_name\" content=\"Troco Solid\u00e1rio - Hiperfarma\" \/>\n<meta property=\"article:publisher\" content=\"https:\/\/www.facebook.com\/redehiperfarma\" \/>\n<meta property=\"article:modified_time\" content=\"2021-08-25T14:17:04+00:00\" \/>\n<meta property=\"og:image\" content=\"https:\/\/redehipersolidaria.com.br\/trocosolidario\/wp-content\/uploads\/2020\/10\/Cofre-pg-troco-solidario-hiperfarma-verso.png\" \/>\n<meta name=\"twitter:card\" content=\"summary_large_image\" \/>\n<meta name=\"twitter:label1\" content=\"Est. tempo de leitura\" \/>\n\t<meta name=\"twitter:data1\" content=\"2 minutos\" \/>\n<script type=\"application\/ld+json\" class=\"yoast-schema-graph\">{\"@context\":\"https:\\\/\\\/schema.org\",\"@graph\":[{\"@type\":\"WebPage\",\"@id\":\"https:\\\/\\\/redehipersolidaria.com.br\\\/trocosolidario\\\/\",\"url\":\"https:\\\/\\\/redehipersolidaria.com.br\\\/trocosolidario\\\/\",\"name\":\"Troco Solid\u00e1rio - Rede Hiperfarma\",\"isPartOf\":{\"@id\":\"https:\\\/\\\/redehipersolidaria.com.br\\\/trocosolidario\\\/#website\"},\"primaryImageOfPage\":{\"@id\":\"https:\\\/\\\/redehipersolidaria.com.br\\\/trocosolidario\\\/#primaryimage\"},\"image\":{\"@id\":\"https:\\\/\\\/redehipersolidaria.com.br\\\/trocosolidario\\\/#primaryimage\"},\"thumbnailUrl\":\"https:\\\/\\\/redehipersolidaria.com.br\\\/trocosolidario\\\/wp-content\\\/uploads\\\/2020\\\/10\\\/Cofre-pg-troco-solidario-hiperfarma-verso.png\",\"datePublished\":\"2016-11-27T05:11:35+00:00\",\"dateModified\":\"2021-08-25T14:17:04+00:00\",\"description\":\"Camapnha Troco Solid\u00e1rio da Rede Hiperfarma.\",\"breadcrumb\":{\"@id\":\"https:\\\/\\\/redehipersolidaria.com.br\\\/trocosolidario\\\/#breadcrumb\"},\"inLanguage\":\"pt-BR\",\"potentialAction\":[{\"@type\":\"ReadAction\",\"target\":[\"https:\\\/\\\/redehipersolidaria.com.br\\\/trocosolidario\\\/\"]}]},{\"@type\":\"ImageObject\",\"inLanguage\":\"pt-BR\",\"@id\":\"https:\\\/\\\/redehipersolidaria.com.br\\\/trocosolidario\\\/#primaryimage\",\"url\":\"https:\\\/\\\/redehipersolidaria.com.br\\\/trocosolidario\\\/wp-content\\\/uploads\\\/2020\\\/10\\\/Cofre-pg-troco-solidario-hiperfarma-verso.png\",\"contentUrl\":\"https:\\\/\\\/redehipersolidaria.com.br\\\/trocosolidario\\\/wp-content\\\/uploads\\\/2020\\\/10\\\/Cofre-pg-troco-solidario-hiperfarma-verso.png\",\"width\":350,\"height\":751,\"caption\":\"Cofre pg troco solidario hiperfarma verso\"},{\"@type\":\"BreadcrumbList\",\"@id\":\"https:\\\/\\\/redehipersolidaria.com.br\\\/trocosolidario\\\/#breadcrumb\",\"itemListElement\":[{\"@type\":\"ListItem\",\"position\":1,\"name\":\"Home\",\"item\":\"https:\\\/\\\/redehipersolidaria.com.br\\\/trocosolidario\\\/\"},{\"@type\":\"ListItem\",\"position\":2,\"name\":\"Home\"}]},{\"@type\":\"WebSite\",\"@id\":\"https:\\\/\\\/redehipersolidaria.com.br\\\/trocosolidario\\\/#website\",\"url\":\"https:\\\/\\\/redehipersolidaria.com.br\\\/trocosolidario\\\/\",\"name\":\"Troco Solid\u00e1rio - Rede Hiperfarma\",\"description\":\"Campanha Troco Solid\u00e1rio da Rede Hiperfarma\",\"publisher\":{\"@id\":\"https:\\\/\\\/redehipersolidaria.com.br\\\/trocosolidario\\\/#organization\"},\"potentialAction\":[{\"@type\":\"SearchAction\",\"target\":{\"@type\":\"EntryPoint\",\"urlTemplate\":\"https:\\\/\\\/redehipersolidaria.com.br\\\/trocosolidario\\\/?s={search_term_string}\"},\"query-input\":{\"@type\":\"PropertyValueSpecification\",\"valueRequired\":true,\"valueName\":\"search_term_string\"}}],\"inLanguage\":\"pt-BR\"},{\"@type\":\"Organization\",\"@id\":\"https:\\\/\\\/redehipersolidaria.com.br\\\/trocosolidario\\\/#organization\",\"name\":\"Rede Hiperfarma\",\"url\":\"https:\\\/\\\/redehipersolidaria.com.br\\\/trocosolidario\\\/\",\"logo\":{\"@type\":\"ImageObject\",\"inLanguage\":\"pt-BR\",\"@id\":\"https:\\\/\\\/redehipersolidaria.com.br\\\/trocosolidario\\\/#\\\/schema\\\/logo\\\/image\\\/\",\"url\":\"https:\\\/\\\/redehipersolidaria.com.br\\\/trocosolidario\\\/wp-content\\\/uploads\\\/2020\\\/10\\\/logo-hiper.png\",\"contentUrl\":\"https:\\\/\\\/redehipersolidaria.com.br\\\/trocosolidario\\\/wp-content\\\/uploads\\\/2020\\\/10\\\/logo-hiper.png\",\"width\":263,\"height\":64,\"caption\":\"Rede Hiperfarma\"},\"image\":{\"@id\":\"https:\\\/\\\/redehipersolidaria.com.br\\\/trocosolidario\\\/#\\\/schema\\\/logo\\\/image\\\/\"},\"sameAs\":[\"https:\\\/\\\/www.facebook.com\\\/redehiperfarma\",\"https:\\\/\\\/www.instagram.com\\\/redehiperfarma\\\/?hl=pt-br\",\"https:\\\/\\\/www.linkedin.com\\\/company\\\/redehiperfarma\",\"https:\\\/\\\/www.youtube.com\\\/channel\\\/UCGjgMBTMGWWd_qd4tPMreAQ\"]}]}<\/script>\n<!-- \/ Yoast SEO plugin. -->","yoast_head_json":{"title":"Troco Solid\u00e1rio - Rede Hiperfarma","description":"Camapnha Troco Solid\u00e1rio da Rede Hiperfarma.","robots":{"index":"index","follow":"follow","max-snippet":"max-snippet:-1","max-image-preview":"max-image-preview:large","max-video-preview":"max-video-preview:-1"},"canonical":"https:\/\/redehipersolidaria.com.br\/trocosolidario\/","og_locale":"pt_BR","og_type":"article","og_title":"Troco Solid\u00e1rio - Rede Hiperfarma","og_description":"Camapnha Troco Solid\u00e1rio da Rede Hiperfarma.","og_url":"https:\/\/redehipersolidaria.com.br\/trocosolidario\/","og_site_name":"Troco Solid\u00e1rio - Hiperfarma","article_publisher":"https:\/\/www.facebook.com\/redehiperfarma","article_modified_time":"2021-08-25T14:17:04+00:00","og_image":[{"url":"https:\/\/redehipersolidaria.com.br\/trocosolidario\/wp-content\/uploads\/2020\/10\/Cofre-pg-troco-solidario-hiperfarma-verso.png","type":"","width":"","height":""}],"twitter_card":"summary_large_image","twitter_misc":{"Est. tempo de leitura":"2 minutos"},"schema":{"@context":"https:\/\/schema.org","@graph":[{"@type":"WebPage","@id":"https:\/\/redehipersolidaria.com.br\/trocosolidario\/","url":"https:\/\/redehipersolidaria.com.br\/trocosolidario\/","name":"Troco Solid\u00e1rio - Rede Hiperfarma","isPartOf":{"@id":"https:\/\/redehipersolidaria.com.br\/trocosolidario\/#website"},"primaryImageOfPage":{"@id":"https:\/\/redehipersolidaria.com.br\/trocosolidario\/#primaryimage"},"image":{"@id":"https:\/\/redehipersolidaria.com.br\/trocosolidario\/#primaryimage"},"thumbnailUrl":"https:\/\/redehipersolidaria.com.br\/trocosolidario\/wp-content\/uploads\/2020\/10\/Cofre-pg-troco-solidario-hiperfarma-verso.png","datePublished":"2016-11-27T05:11:35+00:00","dateModified":"2021-08-25T14:17:04+00:00","description":"Camapnha Troco Solid\u00e1rio da Rede Hiperfarma.","breadcrumb":{"@id":"https:\/\/redehipersolidaria.com.br\/trocosolidario\/#breadcrumb"},"inLanguage":"pt-BR","potentialAction":[{"@type":"ReadAction","target":["https:\/\/redehipersolidaria.com.br\/trocosolidario\/"]}]},{"@type":"ImageObject","inLanguage":"pt-BR","@id":"https:\/\/redehipersolidaria.com.br\/trocosolidario\/#primaryimage","url":"https:\/\/redehipersolidaria.com.br\/trocosolidario\/wp-content\/uploads\/2020\/10\/Cofre-pg-troco-solidario-hiperfarma-verso.png","contentUrl":"https:\/\/redehipersolidaria.com.br\/trocosolidario\/wp-content\/uploads\/2020\/10\/Cofre-pg-troco-solidario-hiperfarma-verso.png","width":350,"height":751,"caption":"Cofre pg troco solidario hiperfarma verso"},{"@type":"BreadcrumbList","@id":"https:\/\/redehipersolidaria.com.br\/trocosolidario\/#breadcrumb","itemListElement":[{"@type":"ListItem","position":1,"name":"Home","item":"https:\/\/redehipersolidaria.com.br\/trocosolidario\/"},{"@type":"ListItem","position":2,"name":"Home"}]},{"@type":"WebSite","@id":"https:\/\/redehipersolidaria.com.br\/trocosolidario\/#website","url":"https:\/\/redehipersolidaria.com.br\/trocosolidario\/","name":"Troco Solid\u00e1rio - Rede Hiperfarma","description":"Campanha Troco Solid\u00e1rio da Rede Hiperfarma","publisher":{"@id":"https:\/\/redehipersolidaria.com.br\/trocosolidario\/#organization"},"potentialAction":[{"@type":"SearchAction","target":{"@type":"EntryPoint","urlTemplate":"https:\/\/redehipersolidaria.com.br\/trocosolidario\/?s={search_term_string}"},"query-input":{"@type":"PropertyValueSpecification","valueRequired":true,"valueName":"search_term_string"}}],"inLanguage":"pt-BR"},{"@type":"Organization","@id":"https:\/\/redehipersolidaria.com.br\/trocosolidario\/#organization","name":"Rede Hiperfarma","url":"https:\/\/redehipersolidaria.com.br\/trocosolidario\/","logo":{"@type":"ImageObject","inLanguage":"pt-BR","@id":"https:\/\/redehipersolidaria.com.br\/trocosolidario\/#\/schema\/logo\/image\/","url":"https:\/\/redehipersolidaria.com.br\/trocosolidario\/wp-content\/uploads\/2020\/10\/logo-hiper.png","contentUrl":"https:\/\/redehipersolidaria.com.br\/trocosolidario\/wp-content\/uploads\/2020\/10\/logo-hiper.png","width":263,"height":64,"caption":"Rede Hiperfarma"},"image":{"@id":"https:\/\/redehipersolidaria.com.br\/trocosolidario\/#\/schema\/logo\/image\/"},"sameAs":["https:\/\/www.facebook.com\/redehiperfarma","https:\/\/www.instagram.com\/redehiperfarma\/?hl=pt-br","https:\/\/www.linkedin.com\/company\/redehiperfarma","https:\/\/www.youtube.com\/channel\/UCGjgMBTMGWWd_qd4tPMreAQ"]}]}},"_links":{"self":[{"href":"https:\/\/redehipersolidaria.com.br\/trocosolidario\/wp-json\/wp\/v2\/pages\/5","targetHints":{"allow":["GET"]}}],"collection":[{"href":"https:\/\/redehipersolidaria.com.br\/trocosolidario\/wp-json\/wp\/v2\/pages"}],"about":[{"href":"https:\/\/redehipersolidaria.com.br\/trocosolidario\/wp-json\/wp\/v2\/types\/page"}],"author":[{"embeddable":true,"href":"https:\/\/redehipersolidaria.com.br\/trocosolidario\/wp-json\/wp\/v2\/users\/1"}],"replies":[{"embeddable":true,"href":"https:\/\/redehipersolidaria.com.br\/trocosolidario\/wp-json\/wp\/v2\/comments?post=5"}],"version-history":[{"count":0,"href":"https:\/\/redehipersolidaria.com.br\/trocosolidario\/wp-json\/wp\/v2\/pages\/5\/revisions"}],"wp:attachment":[{"href":"https:\/\/redehipersolidaria.com.br\/trocosolidario\/wp-json\/wp\/v2\/media?parent=5"}],"curies":[{"name":"wp","href":"https:\/\/api.w.org\/{rel}","templated":true}]}}